{"id":16624,"date":"2023-01-18T16:07:51","date_gmt":"2023-01-18T14:07:51","guid":{"rendered":"https:\/\/www.nutribio.com\/?page_id=16624"},"modified":"2026-02-19T16:44:08","modified_gmt":"2026-02-19T14:44:08","slug":"les-barres-nutritionnelles","status":"publish","type":"page","link":"https:\/\/www.nutribio.com\/fr\/nos-produits\/les-barres-nutritionnelles\/","title":{"rendered":"Les barres nutritionnelles"},"content":{"rendered":"<div id=\"pl-16624\"  class=\"panel-layout\" ><div id=\"pg-16624-0\"  class=\"panel-grid panel-no-style\" ><div id=\"pgc-16624-0-0\"  class=\"panel-grid-cell\" ><div id=\"panel-16624-0-0-0\" class=\"so-panel widget widget_sow-editor panel-first-child panel-last-child\" data-index=\"0\" ><div class=\"image_arrondie_gauche lien_video image_site_haut animation_apparition panel-widget-style panel-widget-style-for-16624-0-0-0\" ><div\n\t\t\t\n\t\t\tclass=\"so-widget-sow-editor so-widget-sow-editor-base\"\n\t\t\t\n\t\t>\n<div class=\"siteorigin-widget-tinymce textwidget\">\n\t<p><a href=\"https:\/\/vimeo.com\/1083835713\/b0c4eb4ce2\"><img decoding=\"async\" class=\"aligncenter wp-image-18599 size-full\" src=\"https:\/\/www.nutribio.com\/wp-content\/uploads\/2026\/02\/BarresVideoB2B.png\" alt=\"\" width=\"1920\" height=\"1080\" srcset=\"https:\/\/www.nutribio.com\/wp-content\/uploads\/2026\/02\/BarresVideoB2B.png 1920w, https:\/\/www.nutribio.com\/wp-content\/uploads\/2026\/02\/BarresVideoB2B-300x169.png 300w, https:\/\/www.nutribio.com\/wp-content\/uploads\/2026\/02\/BarresVideoB2B-1024x576.png 1024w, https:\/\/www.nutribio.com\/wp-content\/uploads\/2026\/02\/BarresVideoB2B-1536x864.png 1536w\" sizes=\"(max-width: 1920px) 100vw, 1920px\" \/><\/a><\/p>\n<\/div>\n<\/div><\/div><\/div><\/div><\/div><div id=\"pg-16624-1\"  class=\"panel-grid panel-no-style\" ><div id=\"pgc-16624-1-0\"  class=\"panel-grid-cell\" ><div id=\"panel-16624-1-0-0\" class=\"so-panel widget widget_sow-editor panel-first-child panel-last-child\" data-index=\"1\" ><div\n\t\t\t\n\t\t\tclass=\"so-widget-sow-editor so-widget-sow-editor-base\"\n\t\t\t\n\t\t>\n<div class=\"siteorigin-widget-tinymce textwidget\">\n\t<div class=\"h1-like_sans_fleche\"><span style=\"font-size: 28px;\">30 ans de ma\u00eetrise industrielle et nutritionnelle au service de barres sur mesure, jusqu\u2019\u00e0 50 % de prot\u00e9ines, avec une exp\u00e9rience gustative ma\u00eetris\u00e9e.<\/span><\/div>\n<\/div>\n<\/div><\/div><\/div><\/div><div id=\"pg-16624-2\"  class=\"panel-grid panel-no-style\" ><div id=\"pgc-16624-2-0\"  class=\"panel-grid-cell\" ><div id=\"panel-16624-2-0-0\" class=\"so-panel widget widget_sow-editor panel-first-child panel-last-child\" data-index=\"2\" ><div class=\"panel-widget-style panel-widget-style-for-16624-2-0-0\" ><div\n\t\t\t\n\t\t\tclass=\"so-widget-sow-editor so-widget-sow-editor-base\"\n\t\t\t\n\t\t>\n<div class=\"siteorigin-widget-tinymce textwidget\">\n\t<div class=\"h1-like_sans_fleche\">\n<p><span style=\"font-size: 28px;\">Avec les barres Nutribio, offrez \u00e0 vos consommateurs des solutions nutritionnelles adapt\u00e9es \u00e0 leurs attentes.<\/span><\/p>\n<p><span style=\"color: #333399; font-size: 16px; font-weight: 300;\">Sport, bien\u2011\u00eatre &amp; plaisir gourmand ou contr\u00f4le du poids : nous formulons des barres r\u00e9pondant aux besoins de tous les segments de march\u00e9.<\/span><\/p>\n<\/div>\n<\/div>\n<\/div><\/div><\/div><\/div><div id=\"pgc-16624-2-1\"  class=\"panel-grid-cell\" ><div id=\"panel-16624-2-1-0\" class=\"so-panel widget widget_sow-editor panel-first-child panel-last-child\" data-index=\"3\" ><div class=\"image_arrondie_gauche animation_apparition panel-widget-style panel-widget-style-for-16624-2-1-0\" ><div\n\t\t\t\n\t\t\tclass=\"so-widget-sow-editor so-widget-sow-editor-base\"\n\t\t\t\n\t\t>\n<div class=\"siteorigin-widget-tinymce textwidget\">\n\t<p><img decoding=\"async\" class=\"alignnone wp-image-18561 size-full\" src=\"https:\/\/www.nutribio.com\/wp-content\/uploads\/2026\/02\/Visuel-A-DIGITAL-RVB-OK-DEF-scaled.jpg\" alt=\"\" width=\"2560\" height=\"2560\" srcset=\"https:\/\/www.nutribio.com\/wp-content\/uploads\/2026\/02\/Visuel-A-DIGITAL-RVB-OK-DEF-scaled.jpg 2560w, https:\/\/www.nutribio.com\/wp-content\/uploads\/2026\/02\/Visuel-A-DIGITAL-RVB-OK-DEF-300x300.jpg 300w, https:\/\/www.nutribio.com\/wp-content\/uploads\/2026\/02\/Visuel-A-DIGITAL-RVB-OK-DEF-1024x1024.jpg 1024w, https:\/\/www.nutribio.com\/wp-content\/uploads\/2026\/02\/Visuel-A-DIGITAL-RVB-OK-DEF-150x150.jpg 150w, https:\/\/www.nutribio.com\/wp-content\/uploads\/2026\/02\/Visuel-A-DIGITAL-RVB-OK-DEF-1536x1536.jpg 1536w, https:\/\/www.nutribio.com\/wp-content\/uploads\/2026\/02\/Visuel-A-DIGITAL-RVB-OK-DEF-2048x2048.jpg 2048w\" sizes=\"(max-width: 2560px) 100vw, 2560px\" \/><\/p>\n<\/div>\n<\/div><\/div><\/div><\/div><\/div><div id=\"pg-16624-3\"  class=\"panel-grid panel-has-style\" ><div class=\"animation_apparition panel-row-style panel-row-style-for-16624-3\" ><div id=\"pgc-16624-3-0\"  class=\"panel-grid-cell\" ><div id=\"panel-16624-3-0-0\" class=\"so-panel widget widget_sow-editor panel-first-child\" data-index=\"4\" ><div\n\t\t\t\n\t\t\tclass=\"so-widget-sow-editor so-widget-sow-editor-base\"\n\t\t\t\n\t\t>\n<div class=\"siteorigin-widget-tinymce textwidget\">\n\t<p><img decoding=\"async\" class=\"alignnone size-medium wp-image-18631 aligncenter\" src=\"https:\/\/www.nutribio.com\/wp-content\/uploads\/2026\/02\/VISUEL_C01A_DIGITAL_RVB_OK_DEF-removebg-preview-1-300x300.png\" alt=\"\" width=\"300\" height=\"300\" srcset=\"https:\/\/www.nutribio.com\/wp-content\/uploads\/2026\/02\/VISUEL_C01A_DIGITAL_RVB_OK_DEF-removebg-preview-1-300x300.png 300w, https:\/\/www.nutribio.com\/wp-content\/uploads\/2026\/02\/VISUEL_C01A_DIGITAL_RVB_OK_DEF-removebg-preview-1-150x150.png 150w, https:\/\/www.nutribio.com\/wp-content\/uploads\/2026\/02\/VISUEL_C01A_DIGITAL_RVB_OK_DEF-removebg-preview-1.png 500w\" sizes=\"(max-width: 300px) 100vw, 300px\" \/><\/p>\n<\/div>\n<\/div><\/div><div id=\"panel-16624-3-0-1\" class=\"so-panel widget widget_sow-editor\" data-index=\"5\" ><div class=\"image_numero so-rounded panel-widget-style panel-widget-style-for-16624-3-0-1\" ><div\n\t\t\t\n\t\t\tclass=\"so-widget-sow-editor so-widget-sow-editor-base\"\n\t\t\t\n\t\t>\n<div class=\"siteorigin-widget-tinymce textwidget\">\n\t<p><img decoding=\"async\" class=\"alignnone size-full wp-image-16078 aligncenter\" src=\"https:\/\/www.nutribio.com\/wp-content\/uploads\/2022\/12\/Groupe-7651.png\" alt=\"\" width=\"70\" height=\"60\" \/><\/p>\n<\/div>\n<\/div><\/div><\/div><div id=\"panel-16624-3-0-2\" class=\"so-panel widget widget_sow-editor panel-last-child\" data-index=\"6\" ><div class=\"so-rounded panel-widget-style panel-widget-style-for-16624-3-0-2\" ><div\n\t\t\t\n\t\t\tclass=\"so-widget-sow-editor so-widget-sow-editor-base\"\n\t\t\t\n\t\t>\n<div class=\"siteorigin-widget-tinymce textwidget\">\n\t<div class=\"h3-like\" style=\"text-align: center;\">\n<p><b>Nutrition sportive<\/b><\/p>\n<\/div>\n<p style=\"text-align: center;\">Une gamme de produits prot\u00e9in\u00e9s r\u00e9pondant aux besoins nutritionnels du sportif.<\/p>\n<p style=\"text-align: center;\"><strong>Construction musculaire<\/strong><\/p>\n<p style=\"text-align: center;\"><strong>Maintien musculaire<\/strong><\/p>\n<p style=\"text-align: center;\"><strong>R\u00e9cup\u00e9ration \/ R\u00e9duction de la fatigue<\/strong><\/p>\n<\/div>\n<\/div><\/div><\/div><\/div><div id=\"pgc-16624-3-1\"  class=\"panel-grid-cell\" ><div id=\"panel-16624-3-1-0\" class=\"so-panel widget widget_sow-editor panel-first-child\" data-index=\"7\" ><div\n\t\t\t\n\t\t\tclass=\"so-widget-sow-editor so-widget-sow-editor-base\"\n\t\t\t\n\t\t>\n<div class=\"siteorigin-widget-tinymce textwidget\">\n\t<p><img decoding=\"async\" class=\"size-medium wp-image-18636 aligncenter\" src=\"https:\/\/www.nutribio.com\/wp-content\/uploads\/2026\/02\/VISUEL_C02B_DIGITAL_RVB_OK_DEF-removebg-preview-300x300.png\" alt=\"\" width=\"300\" height=\"300\" srcset=\"https:\/\/www.nutribio.com\/wp-content\/uploads\/2026\/02\/VISUEL_C02B_DIGITAL_RVB_OK_DEF-removebg-preview-300x300.png 300w, https:\/\/www.nutribio.com\/wp-content\/uploads\/2026\/02\/VISUEL_C02B_DIGITAL_RVB_OK_DEF-removebg-preview-150x150.png 150w, https:\/\/www.nutribio.com\/wp-content\/uploads\/2026\/02\/VISUEL_C02B_DIGITAL_RVB_OK_DEF-removebg-preview.png 500w\" sizes=\"(max-width: 300px) 100vw, 300px\" \/><\/p>\n<\/div>\n<\/div><\/div><div id=\"panel-16624-3-1-1\" class=\"so-panel widget widget_sow-editor\" data-index=\"8\" ><div class=\"image_numero panel-widget-style panel-widget-style-for-16624-3-1-1\" ><div\n\t\t\t\n\t\t\tclass=\"so-widget-sow-editor so-widget-sow-editor-base\"\n\t\t\t\n\t\t>\n<div class=\"siteorigin-widget-tinymce textwidget\">\n\t<p><img decoding=\"async\" class=\"alignnone size-full wp-image-16084\" src=\"https:\/\/www.nutribio.com\/wp-content\/uploads\/2022\/12\/Groupe-7654.png\" alt=\"\" width=\"70\" height=\"59\" \/><\/p>\n<\/div>\n<\/div><\/div><\/div><div id=\"panel-16624-3-1-2\" class=\"so-panel widget widget_sow-editor panel-last-child\" data-index=\"9\" ><div\n\t\t\t\n\t\t\tclass=\"so-widget-sow-editor so-widget-sow-editor-base\"\n\t\t\t\n\t\t>\n<div class=\"siteorigin-widget-tinymce textwidget\">\n\t<div class=\"h3-like\" style=\"text-align: center;\">\n<p><b>Sant\u00e9 &amp; Bien-\u00eatre<\/b><\/p>\n<\/div>\n<p style=\"text-align: center;\">Un snacking sain et gourmand !<\/p>\n<p style=\"text-align: center;\"><b>Source de fibres<\/b><\/p>\n<p style=\"text-align: center;\"><strong>Riche en prot\u00e9ines<\/strong><\/p>\n<p style=\"text-align: center;\"><strong>Sans sucre ajout\u00e9<\/strong><\/p>\n<\/div>\n<\/div><\/div><\/div><div id=\"pgc-16624-3-2\"  class=\"panel-grid-cell\" ><div id=\"panel-16624-3-2-0\" class=\"so-panel widget widget_sow-editor panel-first-child\" data-index=\"10\" ><div\n\t\t\t\n\t\t\tclass=\"so-widget-sow-editor so-widget-sow-editor-base\"\n\t\t\t\n\t\t>\n<div class=\"siteorigin-widget-tinymce textwidget\">\n\t<p><img decoding=\"async\" class=\"alignnone size-medium wp-image-18640 aligncenter\" src=\"https:\/\/www.nutribio.com\/wp-content\/uploads\/2026\/02\/VISUEL_C03A_DIGITAL_RVB_OK_DEF-removebg-preview-300x300.png\" alt=\"\" width=\"300\" height=\"300\" srcset=\"https:\/\/www.nutribio.com\/wp-content\/uploads\/2026\/02\/VISUEL_C03A_DIGITAL_RVB_OK_DEF-removebg-preview-300x300.png 300w, https:\/\/www.nutribio.com\/wp-content\/uploads\/2026\/02\/VISUEL_C03A_DIGITAL_RVB_OK_DEF-removebg-preview-150x150.png 150w, https:\/\/www.nutribio.com\/wp-content\/uploads\/2026\/02\/VISUEL_C03A_DIGITAL_RVB_OK_DEF-removebg-preview.png 500w\" sizes=\"(max-width: 300px) 100vw, 300px\" \/><\/p>\n<\/div>\n<\/div><\/div><div id=\"panel-16624-3-2-1\" class=\"so-panel widget widget_sow-editor\" data-index=\"11\" ><div class=\"image_numero panel-widget-style panel-widget-style-for-16624-3-2-1\" ><div\n\t\t\t\n\t\t\tclass=\"so-widget-sow-editor so-widget-sow-editor-base\"\n\t\t\t\n\t\t>\n<div class=\"siteorigin-widget-tinymce textwidget\">\n\t<p><img decoding=\"async\" class=\"alignnone size-full wp-image-16086\" src=\"https:\/\/www.nutribio.com\/wp-content\/uploads\/2022\/12\/Groupe-7657.png\" alt=\"\" width=\"70\" height=\"59\" \/><\/p>\n<\/div>\n<\/div><\/div><\/div><div id=\"panel-16624-3-2-2\" class=\"so-panel widget widget_sow-editor panel-last-child\" data-index=\"12\" ><div\n\t\t\t\n\t\t\tclass=\"so-widget-sow-editor so-widget-sow-editor-base\"\n\t\t\t\n\t\t>\n<div class=\"siteorigin-widget-tinymce textwidget\">\n\t<div class=\"h3-like\" style=\"text-align: center;\">Gestion du poids<\/div>\n<p style=\"text-align: center;\">Des barres adapt\u00e9es pour la gestion de son poids :<\/p>\n<p style=\"text-align: center;\"><strong>Substituts de repas<\/strong><\/p>\n<p style=\"text-align: center;\"><strong>Snacks prot\u00e9in\u00e9s<\/strong><\/p>\n<p style=\"text-align: center;\"><strong>Teneur r\u00e9duite en sucres<\/strong><\/p>\n<\/div>\n<\/div><\/div><\/div><\/div><\/div><div id=\"pg-16624-4\"  class=\"panel-grid panel-no-style\" ><div id=\"pgc-16624-4-0\"  class=\"panel-grid-cell\" ><div id=\"panel-16624-4-0-0\" class=\"so-panel widget widget_sow-editor panel-first-child panel-last-child\" data-index=\"13\" ><div class=\"image_arrondie animation_apparition panel-widget-style panel-widget-style-for-16624-4-0-0\" ><div\n\t\t\t\n\t\t\tclass=\"so-widget-sow-editor so-widget-sow-editor-base\"\n\t\t\t\n\t\t>\n<div class=\"siteorigin-widget-tinymce textwidget\">\n\t<p><img decoding=\"async\" class=\"aligncenter wp-image-18565 size-large\" src=\"https:\/\/www.nutribio.com\/wp-content\/uploads\/2026\/02\/VISUEL-B01-DIGITAL-RVB-OK-DEF-1024x1024.jpg\" alt=\"\" width=\"1016\" height=\"1016\" srcset=\"https:\/\/www.nutribio.com\/wp-content\/uploads\/2026\/02\/VISUEL-B01-DIGITAL-RVB-OK-DEF-1024x1024.jpg 1024w, https:\/\/www.nutribio.com\/wp-content\/uploads\/2026\/02\/VISUEL-B01-DIGITAL-RVB-OK-DEF-300x300.jpg 300w, https:\/\/www.nutribio.com\/wp-content\/uploads\/2026\/02\/VISUEL-B01-DIGITAL-RVB-OK-DEF-150x150.jpg 150w, https:\/\/www.nutribio.com\/wp-content\/uploads\/2026\/02\/VISUEL-B01-DIGITAL-RVB-OK-DEF-1536x1536.jpg 1536w, https:\/\/www.nutribio.com\/wp-content\/uploads\/2026\/02\/VISUEL-B01-DIGITAL-RVB-OK-DEF-2048x2048.jpg 2048w\" sizes=\"(max-width: 1016px) 100vw, 1016px\" \/><\/p>\n<\/div>\n<\/div><\/div><\/div><\/div><div id=\"pgc-16624-4-1\"  class=\"panel-grid-cell\" ><div id=\"panel-16624-4-1-0\" class=\"so-panel widget widget_sow-editor panel-first-child panel-last-child\" data-index=\"14\" ><div class=\"animation_apparition panel-widget-style panel-widget-style-for-16624-4-1-0\" ><div\n\t\t\t\n\t\t\tclass=\"so-widget-sow-editor so-widget-sow-editor-base\"\n\t\t\t\n\t\t>\n<div class=\"siteorigin-widget-tinymce textwidget\">\n\t<div class=\"h1-like_sans_fleche\"><b>Nos certifications :<\/b><\/div>\n<ul>\n<li>\n<div class=\"h2-like\"><b>FSSC22000<\/b><\/div>\n<\/li>\n<li>\n<div class=\"h2-like\"><b>Fair Trade<\/b><\/div>\n<\/li>\n<li class=\"h2-like\">Clean label*<\/li>\n<li>\n<div class=\"h2-like\"><b>Bio\u00a0 <\/b><img decoding=\"async\" class=\"alignnone wp-image-16957 \" style=\"font-size: 1em;\" src=\"https:\/\/www.nutribio.com\/wp-content\/uploads\/2023\/01\/ab.png\" alt=\"\" width=\"73\" height=\"31\" \/><\/div>\n<\/li>\n<\/ul>\n<p>&nbsp;<\/p>\n<p class=\"p1\">* Des formules clean label ayant le moins d\u2019additifs possibles et d\u2019ingr\u00e9dients controvers\u00e9s<\/p>\n<\/div>\n<\/div><\/div><\/div><\/div><\/div><div id=\"pg-16624-5\"  class=\"panel-grid panel-no-style\" ><div id=\"pgc-16624-5-0\"  class=\"panel-grid-cell panel-grid-cell-empty\" ><\/div><\/div><\/div>","protected":false},"excerpt":{"rendered":"<p>30 ans de ma\u00eetrise industrielle et nutritionnelle au service de barres sur mesure, jusqu\u2019\u00e0 50 % de prot\u00e9ines, avec une exp\u00e9rience gustative ma\u00eetris\u00e9e.<\/p>\n","protected":false},"author":4,"featured_media":0,"parent":16522,"menu_order":38,"comment_status":"closed","ping_status":"closed","template":"","meta":{"footnotes":""},"class_list":["post-16624","page","type-page","status-publish","hentry"],"yoast_head":"<!-- This site is optimized with the Yoast SEO plugin v27.5 - https:\/\/yoast.com\/product\/yoast-seo-wordpress\/ -->\n<title>Les barres nutritionnelles - Nutribio<\/title>\n<meta name=\"robots\" content=\"index, follow, max-snippet:-1, max-image-preview:large, max-video-preview:-1\" \/>\n<link rel=\"canonical\" href=\"https:\/\/www.nutribio.com\/fr\/nos-produits\/les-barres-nutritionnelles\/\" \/>\n<meta property=\"og:locale\" content=\"fr_FR\" \/>\n<meta property=\"og:type\" content=\"article\" \/>\n<meta property=\"og:title\" content=\"Les barres nutritionnelles - Nutribio\" \/>\n<meta property=\"og:description\" content=\"30 ans de ma\u00eetrise industrielle et nutritionnelle au service de barres sur mesure, jusqu\u2019\u00e0 50 % de prot\u00e9ines, avec une exp\u00e9rience gustative ma\u00eetris\u00e9e.\" \/>\n<meta property=\"og:url\" content=\"https:\/\/www.nutribio.com\/fr\/nos-produits\/les-barres-nutritionnelles\/\" \/>\n<meta property=\"og:site_name\" content=\"Nutribio\" \/>\n<meta property=\"article:modified_time\" content=\"2026-02-19T14:44:08+00:00\" \/>\n<meta property=\"og:image\" content=\"https:\/\/www.nutribio.com\/wp-content\/uploads\/2026\/02\/BarresVideoB2B.png\" \/>\n\t<meta property=\"og:image:width\" content=\"1920\" \/>\n\t<meta property=\"og:image:height\" content=\"1080\" \/>\n\t<meta property=\"og:image:type\" content=\"image\/png\" \/>\n<meta name=\"twitter:card\" content=\"summary_large_image\" \/>\n<meta name=\"twitter:label1\" content=\"Dur\u00e9e de lecture estim\u00e9e\" \/>\n\t<meta name=\"twitter:data1\" content=\"4 minutes\" \/>\n<script type=\"application\/ld+json\" class=\"yoast-schema-graph\">{\"@context\":\"https:\\\/\\\/schema.org\",\"@graph\":[{\"@type\":\"WebPage\",\"@id\":\"https:\\\/\\\/www.nutribio.com\\\/fr\\\/nos-produits\\\/les-barres-nutritionnelles\\\/\",\"url\":\"https:\\\/\\\/www.nutribio.com\\\/fr\\\/nos-produits\\\/les-barres-nutritionnelles\\\/\",\"name\":\"Les barres nutritionnelles - Nutribio\",\"isPartOf\":{\"@id\":\"https:\\\/\\\/www.nutribio.com\\\/#website\"},\"primaryImageOfPage\":{\"@id\":\"https:\\\/\\\/www.nutribio.com\\\/fr\\\/nos-produits\\\/les-barres-nutritionnelles\\\/#primaryimage\"},\"image\":{\"@id\":\"https:\\\/\\\/www.nutribio.com\\\/fr\\\/nos-produits\\\/les-barres-nutritionnelles\\\/#primaryimage\"},\"thumbnailUrl\":\"https:\\\/\\\/www.nutribio.com\\\/wp-content\\\/uploads\\\/2026\\\/02\\\/BarresVideoB2B.png\",\"datePublished\":\"2023-01-18T14:07:51+00:00\",\"dateModified\":\"2026-02-19T14:44:08+00:00\",\"breadcrumb\":{\"@id\":\"https:\\\/\\\/www.nutribio.com\\\/fr\\\/nos-produits\\\/les-barres-nutritionnelles\\\/#breadcrumb\"},\"inLanguage\":\"fr-FR\",\"potentialAction\":[{\"@type\":\"ReadAction\",\"target\":[\"https:\\\/\\\/www.nutribio.com\\\/fr\\\/nos-produits\\\/les-barres-nutritionnelles\\\/\"]}]},{\"@type\":\"ImageObject\",\"inLanguage\":\"fr-FR\",\"@id\":\"https:\\\/\\\/www.nutribio.com\\\/fr\\\/nos-produits\\\/les-barres-nutritionnelles\\\/#primaryimage\",\"url\":\"https:\\\/\\\/www.nutribio.com\\\/wp-content\\\/uploads\\\/2026\\\/02\\\/BarresVideoB2B.png\",\"contentUrl\":\"https:\\\/\\\/www.nutribio.com\\\/wp-content\\\/uploads\\\/2026\\\/02\\\/BarresVideoB2B.png\"},{\"@type\":\"BreadcrumbList\",\"@id\":\"https:\\\/\\\/www.nutribio.com\\\/fr\\\/nos-produits\\\/les-barres-nutritionnelles\\\/#breadcrumb\",\"itemListElement\":[{\"@type\":\"ListItem\",\"position\":1,\"name\":\"Accueil\",\"item\":\"https:\\\/\\\/www.nutribio.com\\\/fr\\\/\"},{\"@type\":\"ListItem\",\"position\":2,\"name\":\"Nos produits\",\"item\":\"https:\\\/\\\/www.nutribio.com\\\/fr\\\/nos-produits\\\/\"},{\"@type\":\"ListItem\",\"position\":3,\"name\":\"Les barres nutritionnelles\"}]},{\"@type\":\"WebSite\",\"@id\":\"https:\\\/\\\/www.nutribio.com\\\/#website\",\"url\":\"https:\\\/\\\/www.nutribio.com\\\/\",\"name\":\"Nutribio\",\"description\":\"\",\"potentialAction\":[{\"@type\":\"SearchAction\",\"target\":{\"@type\":\"EntryPoint\",\"urlTemplate\":\"https:\\\/\\\/www.nutribio.com\\\/?s={search_term_string}\"},\"query-input\":{\"@type\":\"PropertyValueSpecification\",\"valueRequired\":true,\"valueName\":\"search_term_string\"}}],\"inLanguage\":\"fr-FR\"}]}<\/script>\n<!-- \/ Yoast SEO plugin. -->","yoast_head_json":{"title":"Les barres nutritionnelles - Nutribio","robots":{"index":"index","follow":"follow","max-snippet":"max-snippet:-1","max-image-preview":"max-image-preview:large","max-video-preview":"max-video-preview:-1"},"canonical":"https:\/\/www.nutribio.com\/fr\/nos-produits\/les-barres-nutritionnelles\/","og_locale":"fr_FR","og_type":"article","og_title":"Les barres nutritionnelles - Nutribio","og_description":"30 ans de ma\u00eetrise industrielle et nutritionnelle au service de barres sur mesure, jusqu\u2019\u00e0 50 % de prot\u00e9ines, avec une exp\u00e9rience gustative ma\u00eetris\u00e9e.","og_url":"https:\/\/www.nutribio.com\/fr\/nos-produits\/les-barres-nutritionnelles\/","og_site_name":"Nutribio","article_modified_time":"2026-02-19T14:44:08+00:00","og_image":[{"width":1920,"height":1080,"url":"https:\/\/www.nutribio.com\/wp-content\/uploads\/2026\/02\/BarresVideoB2B.png","type":"image\/png"}],"twitter_card":"summary_large_image","twitter_misc":{"Dur\u00e9e de lecture estim\u00e9e":"4 minutes"},"schema":{"@context":"https:\/\/schema.org","@graph":[{"@type":"WebPage","@id":"https:\/\/www.nutribio.com\/fr\/nos-produits\/les-barres-nutritionnelles\/","url":"https:\/\/www.nutribio.com\/fr\/nos-produits\/les-barres-nutritionnelles\/","name":"Les barres nutritionnelles - Nutribio","isPartOf":{"@id":"https:\/\/www.nutribio.com\/#website"},"primaryImageOfPage":{"@id":"https:\/\/www.nutribio.com\/fr\/nos-produits\/les-barres-nutritionnelles\/#primaryimage"},"image":{"@id":"https:\/\/www.nutribio.com\/fr\/nos-produits\/les-barres-nutritionnelles\/#primaryimage"},"thumbnailUrl":"https:\/\/www.nutribio.com\/wp-content\/uploads\/2026\/02\/BarresVideoB2B.png","datePublished":"2023-01-18T14:07:51+00:00","dateModified":"2026-02-19T14:44:08+00:00","breadcrumb":{"@id":"https:\/\/www.nutribio.com\/fr\/nos-produits\/les-barres-nutritionnelles\/#breadcrumb"},"inLanguage":"fr-FR","potentialAction":[{"@type":"ReadAction","target":["https:\/\/www.nutribio.com\/fr\/nos-produits\/les-barres-nutritionnelles\/"]}]},{"@type":"ImageObject","inLanguage":"fr-FR","@id":"https:\/\/www.nutribio.com\/fr\/nos-produits\/les-barres-nutritionnelles\/#primaryimage","url":"https:\/\/www.nutribio.com\/wp-content\/uploads\/2026\/02\/BarresVideoB2B.png","contentUrl":"https:\/\/www.nutribio.com\/wp-content\/uploads\/2026\/02\/BarresVideoB2B.png"},{"@type":"BreadcrumbList","@id":"https:\/\/www.nutribio.com\/fr\/nos-produits\/les-barres-nutritionnelles\/#breadcrumb","itemListElement":[{"@type":"ListItem","position":1,"name":"Accueil","item":"https:\/\/www.nutribio.com\/fr\/"},{"@type":"ListItem","position":2,"name":"Nos produits","item":"https:\/\/www.nutribio.com\/fr\/nos-produits\/"},{"@type":"ListItem","position":3,"name":"Les barres nutritionnelles"}]},{"@type":"WebSite","@id":"https:\/\/www.nutribio.com\/#website","url":"https:\/\/www.nutribio.com\/","name":"Nutribio","description":"","potentialAction":[{"@type":"SearchAction","target":{"@type":"EntryPoint","urlTemplate":"https:\/\/www.nutribio.com\/?s={search_term_string}"},"query-input":{"@type":"PropertyValueSpecification","valueRequired":true,"valueName":"search_term_string"}}],"inLanguage":"fr-FR"}]}},"_links":{"self":[{"href":"https:\/\/www.nutribio.com\/fr\/wp-json\/wp\/v2\/pages\/16624","targetHints":{"allow":["GET"]}}],"collection":[{"href":"https:\/\/www.nutribio.com\/fr\/wp-json\/wp\/v2\/pages"}],"about":[{"href":"https:\/\/www.nutribio.com\/fr\/wp-json\/wp\/v2\/types\/page"}],"author":[{"embeddable":true,"href":"https:\/\/www.nutribio.com\/fr\/wp-json\/wp\/v2\/users\/4"}],"replies":[{"embeddable":true,"href":"https:\/\/www.nutribio.com\/fr\/wp-json\/wp\/v2\/comments?post=16624"}],"version-history":[{"count":7,"href":"https:\/\/www.nutribio.com\/fr\/wp-json\/wp\/v2\/pages\/16624\/revisions"}],"predecessor-version":[{"id":18671,"href":"https:\/\/www.nutribio.com\/fr\/wp-json\/wp\/v2\/pages\/16624\/revisions\/18671"}],"up":[{"embeddable":true,"href":"https:\/\/www.nutribio.com\/fr\/wp-json\/wp\/v2\/pages\/16522"}],"wp:attachment":[{"href":"https:\/\/www.nutribio.com\/fr\/wp-json\/wp\/v2\/media?parent=16624"}],"curies":[{"name":"wp","href":"https:\/\/api.w.org\/{rel}","templated":true}]}}