{"id":16523,"date":"2022-12-08T16:43:32","date_gmt":"2022-12-08T14:43:32","guid":{"rendered":"https:\/\/www.nutribio.com\/lexpert-du-bio\/"},"modified":"2025-04-16T18:52:29","modified_gmt":"2025-04-16T16:52:29","slug":"lexpert-du-bio","status":"publish","type":"page","link":"https:\/\/www.nutribio.com\/fr\/notre-expertise\/lexpert-du-bio\/","title":{"rendered":"Notre expertise en Bio"},"content":{"rendered":"<div id=\"pl-16523\"  class=\"panel-layout\" ><div id=\"pg-16523-0\"  class=\"panel-grid panel-no-style\" ><div id=\"pgc-16523-0-0\"  class=\"panel-grid-cell\" ><div id=\"panel-16523-0-0-0\" class=\"so-panel widget widget_sow-editor panel-first-child panel-last-child\" data-index=\"0\" ><div\n\t\t\t\n\t\t\tclass=\"so-widget-sow-editor so-widget-sow-editor-base\"\n\t\t\t\n\t\t>\n<div class=\"siteorigin-widget-tinymce textwidget\">\n\t<p>Nutribio b\u00e9n\u00e9ficie d\u2019un r\u00e9el savoir-faire en Bio reconnu au niveau international.<\/p>\n<ul>\n<li>Un acc\u00e8s s\u00e9curis\u00e9 au lait bio<\/li>\n<li>Une technologie unique: True Green<\/li>\n<li>Une expertise bio certifi\u00e9e<\/li>\n<\/ul>\n<\/div>\n<\/div><\/div><\/div><div id=\"pgc-16523-0-1\"  class=\"panel-grid-cell\" ><div id=\"panel-16523-0-1-0\" class=\"so-panel widget widget_sow-editor panel-first-child panel-last-child\" data-index=\"1\" ><div class=\"image_arrondie_gauche image_header animation_apparition panel-widget-style panel-widget-style-for-16523-0-1-0\" ><div\n\t\t\t\n\t\t\tclass=\"so-widget-sow-editor so-widget-sow-editor-base\"\n\t\t\t\n\t\t>\n<div class=\"siteorigin-widget-tinymce textwidget\">\n\t<p><img decoding=\"async\" class=\"alignnone size-full wp-image-16225\" src=\"https:\/\/www.nutribio.com\/wp-content\/uploads\/2022\/12\/Bio-photo-1.jpg\" alt=\"\" width=\"2000\" height=\"1355\" srcset=\"https:\/\/www.nutribio.com\/wp-content\/uploads\/2022\/12\/Bio-photo-1.jpg 2000w, https:\/\/www.nutribio.com\/wp-content\/uploads\/2022\/12\/Bio-photo-1-300x203.jpg 300w, https:\/\/www.nutribio.com\/wp-content\/uploads\/2022\/12\/Bio-photo-1-1024x694.jpg 1024w, https:\/\/www.nutribio.com\/wp-content\/uploads\/2022\/12\/Bio-photo-1-1536x1041.jpg 1536w\" sizes=\"(max-width: 2000px) 100vw, 2000px\" \/><\/p>\n<\/div>\n<\/div><\/div><\/div><\/div><\/div><div id=\"pg-16523-1\"  class=\"panel-grid panel-has-style\" ><div class=\"fond_vert  siteorigin-panels-stretch panel-row-style panel-row-style-for-16523-1\" data-stretch-type=\"full\" ><div id=\"pgc-16523-1-0\"  class=\"panel-grid-cell\" ><div id=\"panel-16523-1-0-0\" class=\"so-panel widget widget_sow-editor panel-first-child panel-last-child\" data-index=\"2\" ><div class=\"image_arrondie_gauche animation_apparition panel-widget-style panel-widget-style-for-16523-1-0-0\" ><div\n\t\t\t\n\t\t\tclass=\"so-widget-sow-editor so-widget-sow-editor-base\"\n\t\t\t\n\t\t>\n<div class=\"siteorigin-widget-tinymce textwidget\">\n\t<p><img decoding=\"async\" class=\"alignnone size-full wp-image-16192\" src=\"https:\/\/www.nutribio.com\/wp-content\/uploads\/2022\/12\/New-photo-Home-4.jpg\" alt=\"\" width=\"2121\" height=\"1414\" srcset=\"https:\/\/www.nutribio.com\/wp-content\/uploads\/2022\/12\/New-photo-Home-4.jpg 2121w, https:\/\/www.nutribio.com\/wp-content\/uploads\/2022\/12\/New-photo-Home-4-300x200.jpg 300w, https:\/\/www.nutribio.com\/wp-content\/uploads\/2022\/12\/New-photo-Home-4-1024x683.jpg 1024w, https:\/\/www.nutribio.com\/wp-content\/uploads\/2022\/12\/New-photo-Home-4-1536x1024.jpg 1536w, https:\/\/www.nutribio.com\/wp-content\/uploads\/2022\/12\/New-photo-Home-4-2048x1365.jpg 2048w, https:\/\/www.nutribio.com\/wp-content\/uploads\/2022\/12\/New-photo-Home-4-537x358.jpg 537w, https:\/\/www.nutribio.com\/wp-content\/uploads\/2022\/12\/New-photo-Home-4-272x182.jpg 272w\" sizes=\"(max-width: 2121px) 100vw, 2121px\" \/><\/p>\n<\/div>\n<\/div><\/div><\/div><\/div><div id=\"pgc-16523-1-1\"  class=\"panel-grid-cell\" ><div id=\"panel-16523-1-1-0\" class=\"so-panel widget widget_sow-editor panel-first-child panel-last-child\" data-index=\"3\" ><div class=\"panel-widget-style panel-widget-style-for-16523-1-1-0\" ><div\n\t\t\t\n\t\t\tclass=\"so-widget-sow-editor so-widget-sow-editor-base\"\n\t\t\t\n\t\t>\n<div class=\"siteorigin-widget-tinymce textwidget\">\n\t<div class=\"h1-like\">Un acc\u00e8s s\u00e9curis\u00e9 au lait bio<\/div>\n<div>\n<p><b>Des sites de production au plus proche des bassins de collecte laiti\u00e8res<\/b><\/p>\n<p>La coop\u00e9rative Sodiaal a consid\u00e9rablement augment\u00e9 sa production de lait bio ces derni\u00e8res ann\u00e9es, en acc\u00e9l\u00e9rant les conversions de fermes conventionnelles vers la Bio.<\/p>\n<p>&nbsp;<\/p>\n<p>Cela permet \u00e0 Nutribio de b\u00e9n\u00e9ficier d\u2019un <b>approvisionnement 100% int\u00e9gr\u00e9 et s\u00e9curis\u00e9 en lait bio <\/b>de haute qualit\u00e9\u00a0pour vous garantir les meilleurs produits issus de l\u2019agriculture biologique.<\/p>\n<\/div>\n<\/div>\n<\/div><\/div><\/div><\/div><\/div><\/div><div id=\"pg-16523-2\"  class=\"panel-grid panel-has-style\" ><div class=\"bloc_chiffre panel-row-style panel-row-style-for-16523-2\" ><div id=\"pgc-16523-2-0\"  class=\"panel-grid-cell panel-grid-cell-mobile-last\" ><div class=\"bloc_texte_chiffre panel-cell-style panel-cell-style-for-16523-2-0\" ><div id=\"panel-16523-2-0-0\" class=\"so-panel widget widget_sow-editor panel-first-child\" data-index=\"4\" ><div class=\"animation_apparition panel-widget-style panel-widget-style-for-16523-2-0-0\" ><div\n\t\t\t\n\t\t\tclass=\"so-widget-sow-editor so-widget-sow-editor-base\"\n\t\t\t\n\t\t>\n<div class=\"siteorigin-widget-tinymce textwidget\">\n\t<p><img decoding=\"async\" class=\"wp-image-16693 alignleft\" src=\"https:\/\/www.nutribio.com\/wp-content\/uploads\/2023\/01\/Logo-True-Green.jpg\" alt=\"\" width=\"108\" height=\"90\" srcset=\"https:\/\/www.nutribio.com\/wp-content\/uploads\/2023\/01\/Logo-True-Green.jpg 991w, https:\/\/www.nutribio.com\/wp-content\/uploads\/2023\/01\/Logo-True-Green-300x251.jpg 300w\" sizes=\"(max-width: 108px) 100vw, 108px\" \/><\/p>\n<p><span style=\"font-size: 36px;\"><b>Une technologie unique : True Green.<\/b><\/span><\/p>\n<\/div>\n<\/div><\/div><\/div><div id=\"panel-16523-2-0-1\" class=\"so-panel widget widget_siteorigin-panels-builder panel-last-child\" data-index=\"5\" ><div id=\"pl-w67ffe04dc74bb\"  class=\"panel-layout\" ><div id=\"pg-w67ffe04dc74bb-0\"  class=\"panel-grid panel-no-style\" ><div id=\"pgc-w67ffe04dc74bb-0-0\"  class=\"panel-grid-cell\" ><div id=\"panel-w67ffe04dc74bb-0-0-0\" class=\"so-panel widget widget_sow-editor panel-first-child panel-last-child\" data-index=\"0\" ><div\n\t\t\t\n\t\t\tclass=\"so-widget-sow-editor so-widget-sow-editor-base\"\n\t\t\t\n\t\t>\n<div class=\"siteorigin-widget-tinymce textwidget\">\n\t<p><b>Depuis 2019, notre usine de Montauban est d\u00e9di\u00e9e \u00e0 la production de formules infantiles 100% bio. Tous les laits sont issus de fermes locales, avec 568 \u00e9leveurs r\u00e9solument engag\u00e9s dans le bio.<\/b><\/p>\n<p>&nbsp;<\/p>\n<p>C\u00f4t\u00e9 production, nous avons con\u00e7u notre propre technologie pour les laits infantiles : <b>True<\/b><b> Green<\/b>.<\/p>\n<p>&nbsp;<\/p>\n<p>Particuli\u00e8rement innovante, elle garantit une d\u00e9marche respectueuse de l\u2019environnement, sans concession sur la s\u00e9curit\u00e9. Elle pr\u00e9sente, aussi, un int\u00e9r\u00eat nutritionnel pour nos formules infantiles, gr\u00e2ce \u00e0 des prot\u00e9ines mieux pr\u00e9serv\u00e9es.<\/p>\n<\/div>\n<\/div><\/div><\/div><\/div><\/div><\/div><\/div><\/div><div id=\"pgc-16523-2-1\"  class=\"panel-grid-cell panel-grid-cell-empty\" ><\/div><\/div><\/div><div id=\"pg-16523-3\"  class=\"panel-grid panel-no-style\" ><div id=\"pgc-16523-3-0\"  class=\"panel-grid-cell\" ><div id=\"panel-16523-3-0-0\" class=\"so-panel widget widget_sow-editor panel-first-child panel-last-child\" data-index=\"6\" ><div class=\"image_arrondie animation_apparition panel-widget-style panel-widget-style-for-16523-3-0-0\" ><div\n\t\t\t\n\t\t\tclass=\"so-widget-sow-editor so-widget-sow-editor-base\"\n\t\t\t\n\t\t>\n<div class=\"siteorigin-widget-tinymce textwidget\">\n\t<p><a href=\"#\"><img decoding=\"async\" class=\"alignnone size-full wp-image-16261\" src=\"https:\/\/www.nutribio.com\/wp-content\/uploads\/2022\/12\/Bio-photo-4-scaled.jpg\" alt=\"\" width=\"2560\" height=\"1707\" srcset=\"https:\/\/www.nutribio.com\/wp-content\/uploads\/2022\/12\/Bio-photo-4-scaled.jpg 2560w, https:\/\/www.nutribio.com\/wp-content\/uploads\/2022\/12\/Bio-photo-4-300x200.jpg 300w, https:\/\/www.nutribio.com\/wp-content\/uploads\/2022\/12\/Bio-photo-4-1024x683.jpg 1024w, https:\/\/www.nutribio.com\/wp-content\/uploads\/2022\/12\/Bio-photo-4-1536x1024.jpg 1536w, https:\/\/www.nutribio.com\/wp-content\/uploads\/2022\/12\/Bio-photo-4-2048x1365.jpg 2048w, https:\/\/www.nutribio.com\/wp-content\/uploads\/2022\/12\/Bio-photo-4-537x358.jpg 537w, https:\/\/www.nutribio.com\/wp-content\/uploads\/2022\/12\/Bio-photo-4-272x182.jpg 272w\" sizes=\"(max-width: 2560px) 100vw, 2560px\" \/><\/a><\/p>\n<\/div>\n<\/div><\/div><\/div><\/div><div id=\"pgc-16523-3-1\"  class=\"panel-grid-cell\" ><div id=\"panel-16523-3-1-0\" class=\"so-panel widget widget_sow-editor panel-first-child panel-last-child\" data-index=\"7\" ><div\n\t\t\t\n\t\t\tclass=\"so-widget-sow-editor so-widget-sow-editor-base\"\n\t\t\t\n\t\t>\n<div class=\"siteorigin-widget-tinymce textwidget\">\n\t<div class=\"h1-like\">\n<p><b>Une expertise historique et internationale dans le bio<\/b><\/p>\n<\/div>\n<p>Les \u00e9quipes scientifiques Nutribio ont d\u00e9velopp\u00e9 avec les ann\u00e9es, un r\u00e9el savoir-faire en Bio.<\/p>\n<p>Ce savoir-faire est reconnu par des organismes ind\u00e9pendants : certification bio europ\u00e9enne par Ecocert depuis plus de 15 ans et certification COFCC (China Organic Food Certification Center) depuis pr\u00e8s de 5 ans.<\/p>\n<p><img decoding=\"async\" class=\"alignnone wp-image-18040\" src=\"https:\/\/www.nutribio.com\/wp-content\/uploads\/2023\/10\/Logo-BIO-new.png\" alt=\"\" width=\"199\" height=\"85\" \/><img decoding=\"async\" class=\"alignnone wp-image-16268 \" src=\"https:\/\/www.nutribio.com\/wp-content\/uploads\/2022\/12\/logos-1-e1698151356439.png\" alt=\"\" width=\"208\" height=\"84\" \/><\/p>\n<\/div>\n<\/div><\/div><\/div><\/div><\/div>","protected":false},"excerpt":{"rendered":"<p>Nutribio b\u00e9n\u00e9ficie d\u2019un r\u00e9el savoir-faire en Bio reconnu au niveau international. Un acc\u00e8s s\u00e9curis\u00e9 au lait bio Une technologie unique: True Green Une expertise bio certifi\u00e9e Un acc\u00e8s s\u00e9curis\u00e9 [&hellip;]<\/p>\n","protected":false},"author":4,"featured_media":0,"parent":16524,"menu_order":63,"comment_status":"closed","ping_status":"closed","template":"","meta":{"footnotes":""},"class_list":["post-16523","page","type-page","status-publish","hentry"],"yoast_head":"<!-- This site is optimized with the Yoast SEO plugin v27.5 - https:\/\/yoast.com\/product\/yoast-seo-wordpress\/ -->\n<title>Notre expertise en Bio - Nutribio<\/title>\n<meta name=\"robots\" content=\"index, follow, max-snippet:-1, max-image-preview:large, max-video-preview:-1\" \/>\n<link rel=\"canonical\" href=\"https:\/\/www.nutribio.com\/fr\/notre-expertise\/lexpert-du-bio\/\" \/>\n<meta property=\"og:locale\" content=\"fr_FR\" \/>\n<meta property=\"og:type\" content=\"article\" \/>\n<meta property=\"og:title\" content=\"Notre expertise en Bio - Nutribio\" \/>\n<meta property=\"og:description\" content=\"Nutribio b\u00e9n\u00e9ficie d\u2019un r\u00e9el savoir-faire en Bio reconnu au niveau international. Un acc\u00e8s s\u00e9curis\u00e9 au lait bio Une technologie unique: True Green Une expertise bio certifi\u00e9e Un acc\u00e8s s\u00e9curis\u00e9 [&hellip;]\" \/>\n<meta property=\"og:url\" content=\"https:\/\/www.nutribio.com\/fr\/notre-expertise\/lexpert-du-bio\/\" \/>\n<meta property=\"og:site_name\" content=\"Nutribio\" \/>\n<meta property=\"article:modified_time\" content=\"2025-04-16T16:52:29+00:00\" \/>\n<meta property=\"og:image\" content=\"https:\/\/www.nutribio.com\/wp-content\/uploads\/2022\/12\/Bio-photo-1.jpg\" \/>\n\t<meta property=\"og:image:width\" content=\"2000\" \/>\n\t<meta property=\"og:image:height\" content=\"1355\" \/>\n\t<meta property=\"og:image:type\" content=\"image\/jpeg\" \/>\n<meta name=\"twitter:card\" content=\"summary_large_image\" \/>\n<meta name=\"twitter:label1\" content=\"Dur\u00e9e de lecture estim\u00e9e\" \/>\n\t<meta name=\"twitter:data1\" content=\"3 minutes\" \/>\n<script type=\"application\/ld+json\" class=\"yoast-schema-graph\">{\"@context\":\"https:\\\/\\\/schema.org\",\"@graph\":[{\"@type\":\"WebPage\",\"@id\":\"https:\\\/\\\/www.nutribio.com\\\/fr\\\/notre-expertise\\\/lexpert-du-bio\\\/\",\"url\":\"https:\\\/\\\/www.nutribio.com\\\/fr\\\/notre-expertise\\\/lexpert-du-bio\\\/\",\"name\":\"Notre expertise en Bio - Nutribio\",\"isPartOf\":{\"@id\":\"https:\\\/\\\/www.nutribio.com\\\/#website\"},\"primaryImageOfPage\":{\"@id\":\"https:\\\/\\\/www.nutribio.com\\\/fr\\\/notre-expertise\\\/lexpert-du-bio\\\/#primaryimage\"},\"image\":{\"@id\":\"https:\\\/\\\/www.nutribio.com\\\/fr\\\/notre-expertise\\\/lexpert-du-bio\\\/#primaryimage\"},\"thumbnailUrl\":\"https:\\\/\\\/www.nutribio.com\\\/wp-content\\\/uploads\\\/2022\\\/12\\\/Bio-photo-1.jpg\",\"datePublished\":\"2022-12-08T14:43:32+00:00\",\"dateModified\":\"2025-04-16T16:52:29+00:00\",\"breadcrumb\":{\"@id\":\"https:\\\/\\\/www.nutribio.com\\\/fr\\\/notre-expertise\\\/lexpert-du-bio\\\/#breadcrumb\"},\"inLanguage\":\"fr-FR\",\"potentialAction\":[{\"@type\":\"ReadAction\",\"target\":[\"https:\\\/\\\/www.nutribio.com\\\/fr\\\/notre-expertise\\\/lexpert-du-bio\\\/\"]}]},{\"@type\":\"ImageObject\",\"inLanguage\":\"fr-FR\",\"@id\":\"https:\\\/\\\/www.nutribio.com\\\/fr\\\/notre-expertise\\\/lexpert-du-bio\\\/#primaryimage\",\"url\":\"https:\\\/\\\/www.nutribio.com\\\/wp-content\\\/uploads\\\/2022\\\/12\\\/Bio-photo-1.jpg\",\"contentUrl\":\"https:\\\/\\\/www.nutribio.com\\\/wp-content\\\/uploads\\\/2022\\\/12\\\/Bio-photo-1.jpg\"},{\"@type\":\"BreadcrumbList\",\"@id\":\"https:\\\/\\\/www.nutribio.com\\\/fr\\\/notre-expertise\\\/lexpert-du-bio\\\/#breadcrumb\",\"itemListElement\":[{\"@type\":\"ListItem\",\"position\":1,\"name\":\"Accueil\",\"item\":\"https:\\\/\\\/www.nutribio.com\\\/fr\\\/\"},{\"@type\":\"ListItem\",\"position\":2,\"name\":\"Notre Expertise\",\"item\":\"https:\\\/\\\/www.nutribio.com\\\/fr\\\/notre-expertise\\\/\"},{\"@type\":\"ListItem\",\"position\":3,\"name\":\"Notre expertise en Bio\"}]},{\"@type\":\"WebSite\",\"@id\":\"https:\\\/\\\/www.nutribio.com\\\/#website\",\"url\":\"https:\\\/\\\/www.nutribio.com\\\/\",\"name\":\"Nutribio\",\"description\":\"\",\"potentialAction\":[{\"@type\":\"SearchAction\",\"target\":{\"@type\":\"EntryPoint\",\"urlTemplate\":\"https:\\\/\\\/www.nutribio.com\\\/?s={search_term_string}\"},\"query-input\":{\"@type\":\"PropertyValueSpecification\",\"valueRequired\":true,\"valueName\":\"search_term_string\"}}],\"inLanguage\":\"fr-FR\"}]}<\/script>\n<!-- \/ Yoast SEO plugin. -->","yoast_head_json":{"title":"Notre expertise en Bio - Nutribio","robots":{"index":"index","follow":"follow","max-snippet":"max-snippet:-1","max-image-preview":"max-image-preview:large","max-video-preview":"max-video-preview:-1"},"canonical":"https:\/\/www.nutribio.com\/fr\/notre-expertise\/lexpert-du-bio\/","og_locale":"fr_FR","og_type":"article","og_title":"Notre expertise en Bio - Nutribio","og_description":"Nutribio b\u00e9n\u00e9ficie d\u2019un r\u00e9el savoir-faire en Bio reconnu au niveau international. Un acc\u00e8s s\u00e9curis\u00e9 au lait bio Une technologie unique: True Green Une expertise bio certifi\u00e9e Un acc\u00e8s s\u00e9curis\u00e9 [&hellip;]","og_url":"https:\/\/www.nutribio.com\/fr\/notre-expertise\/lexpert-du-bio\/","og_site_name":"Nutribio","article_modified_time":"2025-04-16T16:52:29+00:00","og_image":[{"width":2000,"height":1355,"url":"https:\/\/www.nutribio.com\/wp-content\/uploads\/2022\/12\/Bio-photo-1.jpg","type":"image\/jpeg"}],"twitter_card":"summary_large_image","twitter_misc":{"Dur\u00e9e de lecture estim\u00e9e":"3 minutes"},"schema":{"@context":"https:\/\/schema.org","@graph":[{"@type":"WebPage","@id":"https:\/\/www.nutribio.com\/fr\/notre-expertise\/lexpert-du-bio\/","url":"https:\/\/www.nutribio.com\/fr\/notre-expertise\/lexpert-du-bio\/","name":"Notre expertise en Bio - Nutribio","isPartOf":{"@id":"https:\/\/www.nutribio.com\/#website"},"primaryImageOfPage":{"@id":"https:\/\/www.nutribio.com\/fr\/notre-expertise\/lexpert-du-bio\/#primaryimage"},"image":{"@id":"https:\/\/www.nutribio.com\/fr\/notre-expertise\/lexpert-du-bio\/#primaryimage"},"thumbnailUrl":"https:\/\/www.nutribio.com\/wp-content\/uploads\/2022\/12\/Bio-photo-1.jpg","datePublished":"2022-12-08T14:43:32+00:00","dateModified":"2025-04-16T16:52:29+00:00","breadcrumb":{"@id":"https:\/\/www.nutribio.com\/fr\/notre-expertise\/lexpert-du-bio\/#breadcrumb"},"inLanguage":"fr-FR","potentialAction":[{"@type":"ReadAction","target":["https:\/\/www.nutribio.com\/fr\/notre-expertise\/lexpert-du-bio\/"]}]},{"@type":"ImageObject","inLanguage":"fr-FR","@id":"https:\/\/www.nutribio.com\/fr\/notre-expertise\/lexpert-du-bio\/#primaryimage","url":"https:\/\/www.nutribio.com\/wp-content\/uploads\/2022\/12\/Bio-photo-1.jpg","contentUrl":"https:\/\/www.nutribio.com\/wp-content\/uploads\/2022\/12\/Bio-photo-1.jpg"},{"@type":"BreadcrumbList","@id":"https:\/\/www.nutribio.com\/fr\/notre-expertise\/lexpert-du-bio\/#breadcrumb","itemListElement":[{"@type":"ListItem","position":1,"name":"Accueil","item":"https:\/\/www.nutribio.com\/fr\/"},{"@type":"ListItem","position":2,"name":"Notre Expertise","item":"https:\/\/www.nutribio.com\/fr\/notre-expertise\/"},{"@type":"ListItem","position":3,"name":"Notre expertise en Bio"}]},{"@type":"WebSite","@id":"https:\/\/www.nutribio.com\/#website","url":"https:\/\/www.nutribio.com\/","name":"Nutribio","description":"","potentialAction":[{"@type":"SearchAction","target":{"@type":"EntryPoint","urlTemplate":"https:\/\/www.nutribio.com\/?s={search_term_string}"},"query-input":{"@type":"PropertyValueSpecification","valueRequired":true,"valueName":"search_term_string"}}],"inLanguage":"fr-FR"}]}},"_links":{"self":[{"href":"https:\/\/www.nutribio.com\/fr\/wp-json\/wp\/v2\/pages\/16523","targetHints":{"allow":["GET"]}}],"collection":[{"href":"https:\/\/www.nutribio.com\/fr\/wp-json\/wp\/v2\/pages"}],"about":[{"href":"https:\/\/www.nutribio.com\/fr\/wp-json\/wp\/v2\/types\/page"}],"author":[{"embeddable":true,"href":"https:\/\/www.nutribio.com\/fr\/wp-json\/wp\/v2\/users\/4"}],"replies":[{"embeddable":true,"href":"https:\/\/www.nutribio.com\/fr\/wp-json\/wp\/v2\/comments?post=16523"}],"version-history":[{"count":5,"href":"https:\/\/www.nutribio.com\/fr\/wp-json\/wp\/v2\/pages\/16523\/revisions"}],"predecessor-version":[{"id":18255,"href":"https:\/\/www.nutribio.com\/fr\/wp-json\/wp\/v2\/pages\/16523\/revisions\/18255"}],"up":[{"embeddable":true,"href":"https:\/\/www.nutribio.com\/fr\/wp-json\/wp\/v2\/pages\/16524"}],"wp:attachment":[{"href":"https:\/\/www.nutribio.com\/fr\/wp-json\/wp\/v2\/media?parent=16523"}],"curies":[{"name":"wp","href":"https:\/\/api.w.org\/{rel}","templated":true}]}}