{"id":16519,"date":"2022-12-09T17:00:20","date_gmt":"2022-12-09T15:00:20","guid":{"rendered":"https:\/\/www.nutribio.com\/contact\/"},"modified":"2023-07-11T10:27:45","modified_gmt":"2023-07-11T08:27:45","slug":"contact","status":"publish","type":"page","link":"https:\/\/www.nutribio.com\/fr\/contact\/","title":{"rendered":"Contact"},"content":{"rendered":"<div id=\"pl-16519\"  class=\"panel-layout\" ><div id=\"pg-16519-0\"  class=\"panel-grid panel-no-style\" ><div id=\"pgc-16519-0-0\"  class=\"panel-grid-cell\" ><div class=\"panel-cell-style panel-cell-style-for-16519-0-0\" ><div id=\"panel-16519-0-0-0\" class=\"so-panel widget widget_sow-editor panel-first-child panel-last-child\" data-index=\"0\" ><div class=\"bloc_texte_contact animation_apparition panel-widget-style panel-widget-style-for-16519-0-0-0\" ><div\n\t\t\t\n\t\t\tclass=\"so-widget-sow-editor so-widget-sow-editor-base\"\n\t\t\t\n\t\t>\n<div class=\"siteorigin-widget-tinymce textwidget\">\n\t<div class=\"h1-like\">Coordonn\u00e9es<\/div>\n<div class=\"h3-like\">Si\u00e8ge social<\/div>\n<p>200\/216, Rue Raymond Losserand<br \/>\nCS 75680 Paris Cedex 14 - FRANCE<\/p>\n<p><a href=\"tel:01 44 10 90 10\">01 44 10 90 10<\/a><\/p>\n<p>&nbsp;<\/p>\n<div class=\"h3-like\">Site industriel de Montauban<\/div>\n<p>Avenue Ferdinand Belondrade<br \/>\nBP 805 82000 Montauban - France<\/p>\n<p><a href=\"tel:05 63 22 15 00\">05 63 22 15 00<\/a><\/p>\n<p>&nbsp;<\/p>\n<div class=\"h3-like\">Site industriel de Doullens<\/div>\n<p>ZI du Rouval<br \/>\n80600 Doullens - France<\/p>\n<p><a href=\"tel:01 44 10 90 10\">01 44 10 90 10<\/a><\/p>\n<p>&nbsp;<\/p>\n<div class=\"h3-like\">Nutri\u2019Babig - Site industriel de Carhaix<\/div>\n<p>ZAE de Kergorvo, Rue Marcel Le Goff<br \/>\n29270 Carhaix-Plouguer - Franc<\/p>\n<p><a href=\"tel:01 44 10 90 10\">01 44 10 90 10<\/a><\/p>\n<p>&nbsp;<\/p>\n<div class=\"h3-like\">Site industriel de Guingamp<\/div>\n<p>ZI de Bellevue, 3 Avenue de l\u2019hippodrome<br \/>\n22200 Saint-Agathon - France<\/p>\n<p><a href=\"tel:01 44 10 90 10\">01 44 10 90 10<\/a><\/p>\n<\/div>\n<\/div><\/div><\/div><\/div><\/div><div id=\"pgc-16519-0-1\"  class=\"panel-grid-cell\" ><div id=\"panel-16519-0-1-0\" class=\"so-panel widget widget_gform_widget gform_widget panel-first-child\" data-index=\"1\" ><div class=\"bloc_contact panel-widget-style panel-widget-style-for-16519-0-1-0\" ><script type=\"text\/javascript\">\n\/* <![CDATA[ *\/\nvar gform;gform||(document.addEventListener(\"gform_main_scripts_loaded\",function(){gform.scriptsLoaded=!0}),document.addEventListener(\"gform\/theme\/scripts_loaded\",function(){gform.themeScriptsLoaded=!0}),window.addEventListener(\"DOMContentLoaded\",function(){gform.domLoaded=!0}),gform={domLoaded:!1,scriptsLoaded:!1,themeScriptsLoaded:!1,isFormEditor:()=>\"function\"==typeof InitializeEditor,callIfLoaded:function(o){return!(!gform.domLoaded||!gform.scriptsLoaded||!gform.themeScriptsLoaded&&!gform.isFormEditor()||(gform.isFormEditor()&&console.warn(\"The use of gform.initializeOnLoaded() is deprecated in the form editor context and will be removed in Gravity Forms 3.1.\"),o(),0))},initializeOnLoaded:function(o){gform.callIfLoaded(o)||(document.addEventListener(\"gform_main_scripts_loaded\",()=>{gform.scriptsLoaded=!0,gform.callIfLoaded(o)}),document.addEventListener(\"gform\/theme\/scripts_loaded\",()=>{gform.themeScriptsLoaded=!0,gform.callIfLoaded(o)}),window.addEventListener(\"DOMContentLoaded\",()=>{gform.domLoaded=!0,gform.callIfLoaded(o)}))},hooks:{action:{},filter:{}},addAction:function(o,r,e,t){gform.addHook(\"action\",o,r,e,t)},addFilter:function(o,r,e,t){gform.addHook(\"filter\",o,r,e,t)},doAction:function(o){gform.doHook(\"action\",o,arguments)},applyFilters:function(o){return gform.doHook(\"filter\",o,arguments)},removeAction:function(o,r){gform.removeHook(\"action\",o,r)},removeFilter:function(o,r,e){gform.removeHook(\"filter\",o,r,e)},addHook:function(o,r,e,t,n){null==gform.hooks[o][r]&&(gform.hooks[o][r]=[]);var d=gform.hooks[o][r];null==n&&(n=r+\"_\"+d.length),gform.hooks[o][r].push({tag:n,callable:e,priority:t=null==t?10:t})},doHook:function(r,o,e){var t;if(e=Array.prototype.slice.call(e,1),null!=gform.hooks[r][o]&&((o=gform.hooks[r][o]).sort(function(o,r){return o.priority-r.priority}),o.forEach(function(o){\"function\"!=typeof(t=o.callable)&&(t=window[t]),\"action\"==r?t.apply(null,e):e[0]=t.apply(null,e)})),\"filter\"==r)return e[0]},removeHook:function(o,r,t,n){var e;null!=gform.hooks[o][r]&&(e=(e=gform.hooks[o][r]).filter(function(o,r,e){return!!(null!=n&&n!=o.tag||null!=t&&t!=o.priority)}),gform.hooks[o][r]=e)}});\n\/* ]]> *\/\n<\/script>\n\n                <div class='gf_browser_gecko gform_wrapper gform_legacy_markup_wrapper gform-theme--no-framework' data-form-theme='legacy' data-form-index='0' id='gform_wrapper_2' ><form method='post' enctype='multipart\/form-data'  id='gform_2'  action='\/fr\/wp-json\/wp\/v2\/pages\/16519' data-formid='2' novalidate>\n                        <div class='gform-body gform_body'><ul id='gform_fields_2' class='gform_fields top_label form_sublabel_below description_below validation_below'><li id=\"field_2_22\" class=\"gfield gfield--type-honeypot gform_validation_container field_sublabel_below gfield--has-description field_description_below field_validation_below gfield_visibility_visible\"  ><label class='gfield_label gform-field-label' for='input_2_22'>Comments<\/label><div class='ginput_container'><input name='input_22' id='input_2_22' type='text' value='' autocomplete='new-password'\/><\/div><div class='gfield_description' id='gfield_description_2_22'>Ce champ n\u2019est utilis\u00e9 qu\u2019\u00e0 des fins de validation et devrait rester inchang\u00e9.<\/div><\/li><li id=\"field_2_1\" class=\"gfield gfield--type-text gfield_contains_required field_sublabel_below gfield--no-description field_description_below field_validation_below gfield_visibility_visible\"  ><label class='gfield_label gform-field-label' for='input_2_1'>Nom<span class=\"gfield_required\"><span class=\"gfield_required gfield_required_asterisk\">*<\/span><\/span><\/label><div class='ginput_container ginput_container_text'><input name='input_1' id='input_2_1' type='text' value='' class='medium'    placeholder='Votre nom*' aria-required=\"true\" aria-invalid=\"false\"   \/><\/div><\/li><li id=\"field_2_5\" class=\"gfield gfield--type-text gfield_contains_required field_sublabel_below gfield--no-description field_description_below field_validation_below gfield_visibility_visible\"  ><label class='gfield_label gform-field-label' for='input_2_5'>Pr\u00e9nom<span class=\"gfield_required\"><span class=\"gfield_required gfield_required_asterisk\">*<\/span><\/span><\/label><div class='ginput_container ginput_container_text'><input name='input_5' id='input_2_5' type='text' value='' class='medium'    placeholder='Votre pr\u00e9nom*' aria-required=\"true\" aria-invalid=\"false\"   \/><\/div><\/li><li id=\"field_2_16\" class=\"gfield gfield--type-email gfield_contains_required field_sublabel_below gfield--no-description field_description_below field_validation_below gfield_visibility_visible\"  ><label class='gfield_label gform-field-label' for='input_2_16'>Adresse mail<span class=\"gfield_required\"><span class=\"gfield_required gfield_required_asterisk\">*<\/span><\/span><\/label><div class='ginput_container ginput_container_email'>\n                            <input name='input_16' id='input_2_16' type='email' value='' class='medium'   placeholder='Adresse mail' aria-required=\"true\" aria-invalid=\"false\"  \/>\n                        <\/div><\/li><li id=\"field_2_4\" class=\"gfield gfield--type-text field_sublabel_below gfield--no-description field_description_below field_validation_below gfield_visibility_visible\"  ><label class='gfield_label gform-field-label' for='input_2_4'>N\u00b0 de t\u00e9l\u00e9phone (optionnel)<\/label><div class='ginput_container ginput_container_text'><input name='input_4' id='input_2_4' type='text' value='' class='medium'    placeholder='Fonction'  aria-invalid=\"false\"   \/><\/div><\/li><li id=\"field_2_17\" class=\"gfield gfield--type-select field_sublabel_below gfield--no-description field_description_below field_validation_below gfield_visibility_visible\"  ><label class='gfield_label gform-field-label' for='input_2_17'>Vous \u00eates :<\/label><div class='ginput_container ginput_container_select'><select name='input_17' id='input_2_17' class='medium gfield_select'     aria-invalid=\"false\" ><option value='Une entreprise' >Une entreprise<\/option><option value='Une entreprise' >Une entreprise<\/option><option value='Une entreprise' >Une entreprise<\/option><\/select><\/div><\/li><li id=\"field_2_14\" class=\"gfield gfield--type-text field_sublabel_below gfield--no-description field_description_below field_validation_below gfield_visibility_visible\"  ><label class='gfield_label gform-field-label' for='input_2_14'>Votre soci\u00e9t\u00e9<\/label><div class='ginput_container ginput_container_text'><input name='input_14' id='input_2_14' type='text' value='' class='medium'    placeholder='Votre soci\u00e9t\u00e9'  aria-invalid=\"false\"   \/><\/div><\/li><li id=\"field_2_18\" class=\"gfield gfield--type-select gfield_contains_required field_sublabel_below gfield--no-description field_description_below field_validation_below gfield_visibility_visible\"  ><label class='gfield_label gform-field-label' for='input_2_18'>L\u2019objet de votre message :<span class=\"gfield_required\"><span class=\"gfield_required gfield_required_asterisk\">*<\/span><\/span><\/label><div class='ginput_container ginput_container_select'><select name='input_18' id='input_2_18' class='medium gfield_select'    aria-required=\"true\" aria-invalid=\"false\" ><option value='Nutrition adulte' >Nutrition adulte<\/option><option value='Nutrition infantile' >Nutrition infantile<\/option><option value='Barres nutritives' >Barres nutritives<\/option><option value='Autre' >Autre<\/option><\/select><\/div><\/li><li id=\"field_2_19\" class=\"gfield gfield--type-text gfield_contains_required field_sublabel_below gfield--no-description field_description_below field_validation_below gfield_visibility_visible\"  ><label class='gfield_label gform-field-label' for='input_2_19'>Autre objet (pr\u00e9ciser)<span class=\"gfield_required\"><span class=\"gfield_required gfield_required_asterisk\">*<\/span><\/span><\/label><div class='ginput_container ginput_container_text'><input name='input_19' id='input_2_19' type='text' value='' class='medium'    placeholder='Votre soci\u00e9t\u00e9' aria-required=\"true\" aria-invalid=\"false\"   \/><\/div><\/li><li id=\"field_2_20\" class=\"gfield gfield--type-fileupload large fichier_joint field_sublabel_below gfield--no-description field_description_below field_validation_below gfield_visibility_visible\"  ><label class='gfield_label gform-field-label' for='input_2_20'>Joindre un fichier<\/label><div class='ginput_container ginput_container_fileupload'><input type='hidden' name='MAX_FILE_SIZE' value='67108864' \/><input name='input_20' id='input_2_20' type='file' class='medium' aria-describedby=\"gfield_upload_rules_2_20\" onchange='javascript:gformValidateFileSize( this, 67108864 );'  \/><span class='gfield_description gform_fileupload_rules' id='gfield_upload_rules_2_20'>Taille max. des fichiers\u00a0: 64 MB.<\/span><div class='gfield_description validation_message gfield_validation_message validation_message--hidden-on-empty' id='live_validation_message_2_20'><\/div> <\/div><\/li><li id=\"field_2_9\" class=\"gfield gfield--type-textarea message large field_sublabel_below gfield--no-description field_description_below field_validation_below gfield_visibility_visible\"  ><label class='gfield_label gform-field-label' for='input_2_9'>Votre message<\/label><div class='ginput_container ginput_container_textarea'><textarea name='input_9' id='input_2_9' class='textarea medium'    placeholder='MESSAGE'  aria-invalid=\"false\"   rows='10' cols='50'><\/textarea><\/div><\/li><li id=\"field_2_21\" class=\"gfield gfield--type-captcha gfield--width-full field_sublabel_below gfield--no-description field_description_below field_validation_below gfield_visibility_visible\"  ><label class='gfield_label gform-field-label' for='input_2_21'>CAPTCHA<\/label><div id='input_2_21' class='ginput_container ginput_recaptcha' data-sitekey='6Lcx-zkkAAAAADEN13LcnCiqn_b0r9Rx8y2VUqF3'  data-theme='light' data-tabindex='0'  data-badge=''><\/div><\/li><li id=\"field_2_11\" class=\"gfield gfield--type-checkbox gfield--type-choice large gfield_contains_required field_sublabel_below gfield--no-description field_description_below hidden_label field_validation_below gfield_visibility_visible\"  ><label class='gfield_label gform-field-label gfield_label_before_complex' >Privacy<span class=\"gfield_required\"><span class=\"gfield_required gfield_required_asterisk\">*<\/span><\/span><\/label><div class='ginput_container ginput_container_checkbox'><ul class='gfield_checkbox' id='input_2_11'><li class='gchoice gchoice_2_11_1'>\n\t\t\t\t\t\t\t\t<input class='gfield-choice-input' name='input_11.1' type='checkbox'  value='rgpd_consent_true'  id='choice_2_11_1'   \/>\n\t\t\t\t\t\t\t\t<label for='choice_2_11_1' id='label_2_11_1' class='gform-field-label gform-field-label--type-inline'>J\u2019autorise Nutribio \u00e0 conserver mes donn\u00e9es personnelles transmises via ce formulaire. Aucune exploitation commerciale ne sera faite des donn\u00e9es conserv\u00e9es. <a href=\"\"><\/a> .<\/label>\n\t\t\t\t\t\t\t<\/li><\/ul><\/div><\/li><\/ul><\/div>\n        <div class='gform-footer gform_footer top_label'> <input type='submit' id='gform_submit_button_2' class='gform_button button' onclick='gform.submission.handleButtonClick(this);' data-submission-type='submit' value='Envoyer'  \/> \n            <input type='hidden' class='gform_hidden' name='gform_submission_method' data-js='gform_submission_method_2' value='postback' \/>\n            <input type='hidden' class='gform_hidden' name='gform_theme' data-js='gform_theme_2' id='gform_theme_2' value='legacy' \/>\n            <input type='hidden' class='gform_hidden' name='gform_style_settings' data-js='gform_style_settings_2' id='gform_style_settings_2' value='' \/>\n            <input type='hidden' class='gform_hidden' name='is_submit_2' value='1' \/>\n            <input type='hidden' class='gform_hidden' name='gform_submit' value='2' \/>\n            \n            <input type='hidden' class='gform_hidden' name='gform_currency' data-currency='EUR' value='IBvM86heQ9yBetgmUioRwbqC2hdV\/ybtFaoBfMR3mwiDQBOjHeNqMKeJqUBTQek3oPQLvZC\/\/h+26uyjUlrWw9aumRhZPuAxkXDBgC18Swad5uQ=' \/>\n            <input type='hidden' class='gform_hidden' name='gform_unique_id' value='' \/>\n            <input type='hidden' class='gform_hidden' name='state_2' value='WyJbXSIsImExZmJjMjAxNDZjOTQzNTQ5YTA0MDVjOWUwYzk0YzA0Il0=' \/>\n            <input type='hidden' autocomplete='off' class='gform_hidden' name='gform_target_page_number_2' id='gform_target_page_number_2' value='0' \/>\n            <input type='hidden' autocomplete='off' class='gform_hidden' name='gform_source_page_number_2' id='gform_source_page_number_2' value='1' \/>\n            <input type='hidden' name='gform_field_values' value='' \/>\n            \n        <\/div>\n                        <\/form>\n                        <\/div><script type=\"text\/javascript\">\n\/* <![CDATA[ *\/\n gform.initializeOnLoaded( function() {gformInitSpinner( 2, 'https:\/\/www.nutribio.com\/wp-content\/plugins\/gravityforms\/images\/spinner.svg', true );jQuery('#gform_ajax_frame_2').on('load',function(){var contents = jQuery(this).contents().find('*').html();var is_postback = contents.indexOf('GF_AJAX_POSTBACK') >= 0;if(!is_postback){return;}var form_content = jQuery(this).contents().find('#gform_wrapper_2');var is_confirmation = jQuery(this).contents().find('#gform_confirmation_wrapper_2').length > 0;var is_redirect = contents.indexOf('gformRedirect(){') >= 0;var is_form = form_content.length > 0 && ! is_redirect && ! is_confirmation;var mt = parseInt(jQuery('html').css('margin-top'), 10) + parseInt(jQuery('body').css('margin-top'), 10) + 100;if(is_form){jQuery('#gform_wrapper_2').html(form_content.html());if(form_content.hasClass('gform_validation_error')){jQuery('#gform_wrapper_2').addClass('gform_validation_error');} else {jQuery('#gform_wrapper_2').removeClass('gform_validation_error');}setTimeout( function() { \/* delay the scroll by 50 milliseconds to fix a bug in chrome *\/  }, 50 );if(window['gformInitDatepicker']) {gformInitDatepicker();}if(window['gformInitPriceFields']) {gformInitPriceFields();}var current_page = jQuery('#gform_source_page_number_2').val();gformInitSpinner( 2, 'https:\/\/www.nutribio.com\/wp-content\/plugins\/gravityforms\/images\/spinner.svg', true );jQuery(document).trigger('gform_page_loaded', [2, current_page]);window['gf_submitting_2'] = false;}else if(!is_redirect){var confirmation_content = jQuery(this).contents().find('.GF_AJAX_POSTBACK').html();if(!confirmation_content){confirmation_content = contents;}jQuery('#gform_wrapper_2').replaceWith(confirmation_content);jQuery(document).trigger('gform_confirmation_loaded', [2]);window['gf_submitting_2'] = false;wp.a11y.speak(jQuery('#gform_confirmation_message_2').text());}else{jQuery('#gform_2').append(contents);if(window['gformRedirect']) {gformRedirect();}}jQuery(document).trigger(\"gform_pre_post_render\", [{ formId: \"2\", currentPage: \"current_page\", abort: function() { this.preventDefault(); } }]);        if (event && event.defaultPrevented) {                return;        }        const gformWrapperDiv = document.getElementById( \"gform_wrapper_2\" );        if ( gformWrapperDiv ) {            const visibilitySpan = document.createElement( \"span\" );            visibilitySpan.id = \"gform_visibility_test_2\";            gformWrapperDiv.insertAdjacentElement( \"afterend\", visibilitySpan );        }        const visibilityTestDiv = document.getElementById( \"gform_visibility_test_2\" );        let postRenderFired = false;        function triggerPostRender() {            if ( postRenderFired ) {                return;            }            postRenderFired = true;            gform.core.triggerPostRenderEvents( 2, current_page );            if ( visibilityTestDiv ) {                visibilityTestDiv.parentNode.removeChild( visibilityTestDiv );            }        }        function debounce( func, wait, immediate ) {            var timeout;            return function() {                var context = this, args = arguments;                var later = function() {                    timeout = null;                    if ( !immediate ) func.apply( context, args );                };                var callNow = immediate && !timeout;                clearTimeout( timeout );                timeout = setTimeout( later, wait );                if ( callNow ) func.apply( context, args );            };        }        const debouncedTriggerPostRender = debounce( function() {            triggerPostRender();        }, 200 );        if ( visibilityTestDiv && visibilityTestDiv.offsetParent === null ) {            const observer = new MutationObserver( ( mutations ) => {                mutations.forEach( ( mutation ) => {                    if ( mutation.type === 'attributes' && visibilityTestDiv.offsetParent !== null ) {                        debouncedTriggerPostRender();                        observer.disconnect();                    }                });            });            observer.observe( document.body, {                attributes: true,                childList: false,                subtree: true,                attributeFilter: [ 'style', 'class' ],            });        } else {            triggerPostRender();        }    } );} ); \n\/* ]]> *\/\n<\/script>\n<\/div><\/div><div id=\"panel-16519-0-1-1\" class=\"so-panel widget widget_sow-editor panel-last-child\" data-index=\"2\" ><div class=\"bloc_texte_contact animation_apparition panel-widget-style panel-widget-style-for-16519-0-1-1\" ><div\n\t\t\t\n\t\t\tclass=\"so-widget-sow-editor so-widget-sow-editor-base\"\n\t\t\t\n\t\t>\n<div class=\"siteorigin-widget-tinymce textwidget\">\n\t<p><em>Conform\u00e9ment \u00e0 la loi Informatique et Libert\u00e9s du 6 Janvier 1978 modifi\u00e9e, chaque internaute ayant rempli ce formulaire dispose d\u2019un droit d\u2019acc\u00e8s, de rectification ou de radiation des informations personnelles le concernant qu\u2019il peut exercer en s\u2019adressant au D\u00e9l\u00e9gu\u00e9 \u00e0 la Protection des Donn\u00e9es (cf politique de confidentialit\u00e9).\u00a0<\/em><\/p>\n<\/div>\n<\/div><\/div><\/div><\/div><\/div><\/div>","protected":false},"excerpt":{"rendered":"<p>Coordonn\u00e9es Si\u00e8ge social 200\/216, Rue Raymond Losserand CS 75680 Paris Cedex 14 &#8211; FRANCE 01 44 10 90 10 &nbsp; Site industriel de Montauban Avenue Ferdinand Belondrade BP 805 [&hellip;]<\/p>\n","protected":false},"author":4,"featured_media":0,"parent":0,"menu_order":47,"comment_status":"closed","ping_status":"closed","template":"","meta":{"footnotes":""},"class_list":["post-16519","page","type-page","status-publish","hentry"],"yoast_head":"<!-- This site is optimized with the Yoast SEO plugin v27.4 - https:\/\/yoast.com\/product\/yoast-seo-wordpress\/ -->\n<title>Contact - Nutribio<\/title>\n<meta name=\"robots\" content=\"index, follow, max-snippet:-1, max-image-preview:large, max-video-preview:-1\" \/>\n<link rel=\"canonical\" href=\"https:\/\/www.nutribio.com\/fr\/contact\/\" \/>\n<meta property=\"og:locale\" content=\"fr_FR\" \/>\n<meta property=\"og:type\" content=\"article\" \/>\n<meta property=\"og:title\" content=\"Contact - Nutribio\" \/>\n<meta property=\"og:description\" content=\"Coordonn\u00e9es Si\u00e8ge social 200\/216, Rue Raymond Losserand CS 75680 Paris Cedex 14 - FRANCE 01 44 10 90 10 &nbsp; Site industriel de Montauban Avenue Ferdinand Belondrade BP 805 [&hellip;]\" \/>\n<meta property=\"og:url\" content=\"https:\/\/www.nutribio.com\/fr\/contact\/\" \/>\n<meta property=\"og:site_name\" content=\"Nutribio\" \/>\n<meta property=\"article:modified_time\" content=\"2023-07-11T08:27:45+00:00\" \/>\n<meta name=\"twitter:card\" content=\"summary_large_image\" \/>\n<meta name=\"twitter:label1\" content=\"Dur\u00e9e de lecture estim\u00e9e\" \/>\n\t<meta name=\"twitter:data1\" content=\"1 minute\" \/>\n<script type=\"application\/ld+json\" class=\"yoast-schema-graph\">{\"@context\":\"https:\\\/\\\/schema.org\",\"@graph\":[{\"@type\":\"WebPage\",\"@id\":\"https:\\\/\\\/www.nutribio.com\\\/fr\\\/contact\\\/\",\"url\":\"https:\\\/\\\/www.nutribio.com\\\/fr\\\/contact\\\/\",\"name\":\"Contact - Nutribio\",\"isPartOf\":{\"@id\":\"https:\\\/\\\/www.nutribio.com\\\/#website\"},\"datePublished\":\"2022-12-09T15:00:20+00:00\",\"dateModified\":\"2023-07-11T08:27:45+00:00\",\"breadcrumb\":{\"@id\":\"https:\\\/\\\/www.nutribio.com\\\/fr\\\/contact\\\/#breadcrumb\"},\"inLanguage\":\"fr-FR\",\"potentialAction\":[{\"@type\":\"ReadAction\",\"target\":[\"https:\\\/\\\/www.nutribio.com\\\/fr\\\/contact\\\/\"]}]},{\"@type\":\"BreadcrumbList\",\"@id\":\"https:\\\/\\\/www.nutribio.com\\\/fr\\\/contact\\\/#breadcrumb\",\"itemListElement\":[{\"@type\":\"ListItem\",\"position\":1,\"name\":\"Accueil\",\"item\":\"https:\\\/\\\/www.nutribio.com\\\/fr\\\/\"},{\"@type\":\"ListItem\",\"position\":2,\"name\":\"Contact\"}]},{\"@type\":\"WebSite\",\"@id\":\"https:\\\/\\\/www.nutribio.com\\\/#website\",\"url\":\"https:\\\/\\\/www.nutribio.com\\\/\",\"name\":\"Nutribio\",\"description\":\"\",\"potentialAction\":[{\"@type\":\"SearchAction\",\"target\":{\"@type\":\"EntryPoint\",\"urlTemplate\":\"https:\\\/\\\/www.nutribio.com\\\/?s={search_term_string}\"},\"query-input\":{\"@type\":\"PropertyValueSpecification\",\"valueRequired\":true,\"valueName\":\"search_term_string\"}}],\"inLanguage\":\"fr-FR\"}]}<\/script>\n<!-- \/ Yoast SEO plugin. -->","yoast_head_json":{"title":"Contact - Nutribio","robots":{"index":"index","follow":"follow","max-snippet":"max-snippet:-1","max-image-preview":"max-image-preview:large","max-video-preview":"max-video-preview:-1"},"canonical":"https:\/\/www.nutribio.com\/fr\/contact\/","og_locale":"fr_FR","og_type":"article","og_title":"Contact - Nutribio","og_description":"Coordonn\u00e9es Si\u00e8ge social 200\/216, Rue Raymond Losserand CS 75680 Paris Cedex 14 - FRANCE 01 44 10 90 10 &nbsp; Site industriel de Montauban Avenue Ferdinand Belondrade BP 805 [&hellip;]","og_url":"https:\/\/www.nutribio.com\/fr\/contact\/","og_site_name":"Nutribio","article_modified_time":"2023-07-11T08:27:45+00:00","twitter_card":"summary_large_image","twitter_misc":{"Dur\u00e9e de lecture estim\u00e9e":"1 minute"},"schema":{"@context":"https:\/\/schema.org","@graph":[{"@type":"WebPage","@id":"https:\/\/www.nutribio.com\/fr\/contact\/","url":"https:\/\/www.nutribio.com\/fr\/contact\/","name":"Contact - Nutribio","isPartOf":{"@id":"https:\/\/www.nutribio.com\/#website"},"datePublished":"2022-12-09T15:00:20+00:00","dateModified":"2023-07-11T08:27:45+00:00","breadcrumb":{"@id":"https:\/\/www.nutribio.com\/fr\/contact\/#breadcrumb"},"inLanguage":"fr-FR","potentialAction":[{"@type":"ReadAction","target":["https:\/\/www.nutribio.com\/fr\/contact\/"]}]},{"@type":"BreadcrumbList","@id":"https:\/\/www.nutribio.com\/fr\/contact\/#breadcrumb","itemListElement":[{"@type":"ListItem","position":1,"name":"Accueil","item":"https:\/\/www.nutribio.com\/fr\/"},{"@type":"ListItem","position":2,"name":"Contact"}]},{"@type":"WebSite","@id":"https:\/\/www.nutribio.com\/#website","url":"https:\/\/www.nutribio.com\/","name":"Nutribio","description":"","potentialAction":[{"@type":"SearchAction","target":{"@type":"EntryPoint","urlTemplate":"https:\/\/www.nutribio.com\/?s={search_term_string}"},"query-input":{"@type":"PropertyValueSpecification","valueRequired":true,"valueName":"search_term_string"}}],"inLanguage":"fr-FR"}]}},"_links":{"self":[{"href":"https:\/\/www.nutribio.com\/fr\/wp-json\/wp\/v2\/pages\/16519","targetHints":{"allow":["GET"]}}],"collection":[{"href":"https:\/\/www.nutribio.com\/fr\/wp-json\/wp\/v2\/pages"}],"about":[{"href":"https:\/\/www.nutribio.com\/fr\/wp-json\/wp\/v2\/types\/page"}],"author":[{"embeddable":true,"href":"https:\/\/www.nutribio.com\/fr\/wp-json\/wp\/v2\/users\/4"}],"replies":[{"embeddable":true,"href":"https:\/\/www.nutribio.com\/fr\/wp-json\/wp\/v2\/comments?post=16519"}],"version-history":[{"count":5,"href":"https:\/\/www.nutribio.com\/fr\/wp-json\/wp\/v2\/pages\/16519\/revisions"}],"predecessor-version":[{"id":18026,"href":"https:\/\/www.nutribio.com\/fr\/wp-json\/wp\/v2\/pages\/16519\/revisions\/18026"}],"wp:attachment":[{"href":"https:\/\/www.nutribio.com\/fr\/wp-json\/wp\/v2\/media?parent=16519"}],"curies":[{"name":"wp","href":"https:\/\/api.w.org\/{rel}","templated":true}]}}